{"id":715,"date":"2016-06-03T15:21:02","date_gmt":"2016-06-03T13:21:02","guid":{"rendered":"https:\/\/www.stottrop-textil.de\/ar\/?page_id=715"},"modified":"2016-11-09T14:22:51","modified_gmt":"2016-11-09T13:22:51","slug":"%d8%a5%d8%af%d8%a7%d8%b1%d8%a9-%d8%a7%d9%84%d8%aa%d8%ad%d8%b1%d9%8a%d8%b1","status":"publish","type":"page","link":"https:\/\/www.stottrop-textil.de\/ar\/%d8%a5%d8%af%d8%a7%d8%b1%d8%a9-%d8%a7%d9%84%d8%aa%d8%ad%d8%b1%d9%8a%d8%b1\/","title":{"rendered":"\u0625\u062f\u0627\u0631\u0629 \u0627\u0644\u062a\u062d\u0631\u064a\u0631"},"content":{"rendered":"<div class=\"row\">\n<div class=\"col-sm-4\">\n<h3>Verantwortlich f\u00fcr den Inhalt:<\/h3>\n<p>Stottrop-Textil GmbH &amp; Co. KG<br \/>\nPostfach 12 34<br \/>\nD-48270 Emsdetten<\/p>\n<p>Grevener Damm 93<br \/>\nD-48282 Emsdetten<\/p>\n<p>E-Mail: <a href=\"mailto:info@stottrop-textil.de\">info(at)stottrop-textil.de<\/a><\/p>\n<h3>Konzept\/Gestaltung:<\/h3>\n<p>deltashops<br \/>\nSpatzenweg 2<br \/>\n48282 Emsdetten<br \/>\n<a href=\"http:\/\/www.deltashops.de\" target=\"_blank\">www.deltashops.de<\/a><\/p>\n<\/div>\n<div class=\"col-sm-8\">\n<h3>Daten:<\/h3>\n<p><strong>Rechtsform:<\/strong><br \/>\nKommanditgesellschaft, Sitz Emsdetten, Amtsgericht Steinfurt HR A Nr. 3198<\/p>\n<p><strong>Pers\u00f6nlich haftende Gesellschafterin:<\/strong><br \/>\nStottrop-Textil GmbH, Sitz Emsdetten, Amtsgericht Steinfurt HR B Nr. 3828<\/p>\n<p><strong>Gesch\u00e4ftsf\u00fchrer:<\/strong> Klaus Stottrop, J\u00f6rg Stottrop<br \/>\n<strong>USt &#8211; IdNr.:<\/strong> DE124387851<\/p>\n<h3>Haftungshinweis:<\/h3>\n<p>Es gelten die Einheitsbedingungen der Deutschen Textilindustrie mit unseren erg\u00e4nzenden Liefer-\/ Zahlungs-\/ Einkaufsbedingungen, die wir Ihnen auf Wunsch gerne zusenden. Abweichende Gesch\u00e4ftsbedingungen der Kunden \/ Lieferanten sind rechtlich unwirksam.<\/p>\n<\/div>\n<\/div>\n","protected":false},"excerpt":{"rendered":"<p>Verantwortlich f\u00fcr den Inhalt: Stottrop-Textil GmbH &amp; Co. KG Postfach 12 34 D-48270 Emsdetten Grevener Damm 93 D-48282 Emsdetten E-Mail: info(at)stottrop-textil.de Konzept\/Gestaltung: deltashops Spatzenweg 2 48282 Emsdetten www.deltashops.de Daten: Rechtsform: Kommanditgesellschaft, Sitz Emsdetten, Amtsgericht Steinfurt HR A Nr. 3198 Pers\u00f6nlich haftende Gesellschafterin: Stottrop-Textil GmbH, Sitz Emsdetten, Amtsgericht Steinfurt HR B Nr. 3828 Gesch\u00e4ftsf\u00fchrer: Klaus Stottrop, [&hellip;]<\/p>\n","protected":false},"author":5,"featured_media":0,"parent":0,"menu_order":0,"comment_status":"closed","ping_status":"closed","template":"","meta":{"_acf_changed":false,"footnotes":""},"class_list":["post-715","page","type-page","status-publish","hentry"],"acf":[],"yoast_head":"<!-- This site is optimized with the Yoast SEO plugin v27.3 - https:\/\/yoast.com\/product\/yoast-seo-wordpress\/ -->\n<title>\u0625\u062f\u0627\u0631\u0629 \u0627\u0644\u062a\u062d\u0631\u064a\u0631 - Stottrop-Textil GmbH<\/title>\n<meta name=\"robots\" content=\"index, follow, max-snippet:-1, max-image-preview:large, max-video-preview:-1\" \/>\n<link rel=\"canonical\" href=\"https:\/\/www.stottrop-textil.de\/impressum\/\" \/>\n<meta property=\"og:locale\" content=\"ar_AR\" \/>\n<meta property=\"og:type\" content=\"article\" \/>\n<meta property=\"og:title\" content=\"\u0625\u062f\u0627\u0631\u0629 \u0627\u0644\u062a\u062d\u0631\u064a\u0631 - Stottrop-Textil GmbH\" \/>\n<meta property=\"og:description\" content=\"Verantwortlich f\u00fcr den Inhalt: Stottrop-Textil GmbH &amp; Co. KG Postfach 12 34 D-48270 Emsdetten Grevener Damm 93 D-48282 Emsdetten E-Mail: info(at)stottrop-textil.de Konzept\/Gestaltung: deltashops Spatzenweg 2 48282 Emsdetten www.deltashops.de Daten: Rechtsform: Kommanditgesellschaft, Sitz Emsdetten, Amtsgericht Steinfurt HR A Nr. 3198 Pers\u00f6nlich haftende Gesellschafterin: Stottrop-Textil GmbH, Sitz Emsdetten, Amtsgericht Steinfurt HR B Nr. 3828 Gesch\u00e4ftsf\u00fchrer: Klaus Stottrop, [&hellip;]\" \/>\n<meta property=\"og:url\" content=\"https:\/\/www.stottrop-textil.de\/impressum\/\" \/>\n<meta property=\"og:site_name\" content=\"Stottrop-Textil GmbH\" \/>\n<meta property=\"article:modified_time\" content=\"2016-11-09T13:22:51+00:00\" \/>\n<meta name=\"twitter:card\" content=\"summary_large_image\" \/>\n<script type=\"application\/ld+json\" class=\"yoast-schema-graph\">{\"@context\":\"https:\\\/\\\/schema.org\",\"@graph\":[{\"@type\":\"WebPage\",\"@id\":\"https:\\\/\\\/www.stottrop-textil.de\\\/impressum\\\/\",\"url\":\"https:\\\/\\\/www.stottrop-textil.de\\\/impressum\\\/\",\"name\":\"\u0625\u062f\u0627\u0631\u0629 \u0627\u0644\u062a\u062d\u0631\u064a\u0631 - Stottrop-Textil GmbH\",\"isPartOf\":{\"@id\":\"https:\\\/\\\/www.stottrop-textil.de\\\/#website\"},\"datePublished\":\"2016-06-03T13:21:02+00:00\",\"dateModified\":\"2016-11-09T13:22:51+00:00\",\"breadcrumb\":{\"@id\":\"https:\\\/\\\/www.stottrop-textil.de\\\/impressum\\\/#breadcrumb\"},\"inLanguage\":\"ar\",\"potentialAction\":[{\"@type\":\"ReadAction\",\"target\":[\"https:\\\/\\\/www.stottrop-textil.de\\\/impressum\\\/\"]}]},{\"@type\":\"BreadcrumbList\",\"@id\":\"https:\\\/\\\/www.stottrop-textil.de\\\/impressum\\\/#breadcrumb\",\"itemListElement\":[{\"@type\":\"ListItem\",\"position\":1,\"name\":\"Home\",\"item\":\"https:\\\/\\\/www.stottrop-textil.de\\\/ar\\\/\"},{\"@type\":\"ListItem\",\"position\":2,\"name\":\"\u0625\u062f\u0627\u0631\u0629 \u0627\u0644\u062a\u062d\u0631\u064a\u0631\"}]},{\"@type\":\"WebSite\",\"@id\":\"https:\\\/\\\/www.stottrop-textil.de\\\/#website\",\"url\":\"https:\\\/\\\/www.stottrop-textil.de\\\/\",\"name\":\"Stottrop-Textil GmbH\",\"description\":\"Ihr Partner f\u00fcr technische Textilien\",\"potentialAction\":[{\"@type\":\"SearchAction\",\"target\":{\"@type\":\"EntryPoint\",\"urlTemplate\":\"https:\\\/\\\/www.stottrop-textil.de\\\/?s={search_term_string}\"},\"query-input\":{\"@type\":\"PropertyValueSpecification\",\"valueRequired\":true,\"valueName\":\"search_term_string\"}}],\"inLanguage\":\"ar\"}]}<\/script>\n<!-- \/ Yoast SEO plugin. -->","yoast_head_json":{"title":"\u0625\u062f\u0627\u0631\u0629 \u0627\u0644\u062a\u062d\u0631\u064a\u0631 - Stottrop-Textil GmbH","robots":{"index":"index","follow":"follow","max-snippet":"max-snippet:-1","max-image-preview":"max-image-preview:large","max-video-preview":"max-video-preview:-1"},"canonical":"https:\/\/www.stottrop-textil.de\/impressum\/","og_locale":"ar_AR","og_type":"article","og_title":"\u0625\u062f\u0627\u0631\u0629 \u0627\u0644\u062a\u062d\u0631\u064a\u0631 - Stottrop-Textil GmbH","og_description":"Verantwortlich f\u00fcr den Inhalt: Stottrop-Textil GmbH &amp; Co. KG Postfach 12 34 D-48270 Emsdetten Grevener Damm 93 D-48282 Emsdetten E-Mail: info(at)stottrop-textil.de Konzept\/Gestaltung: deltashops Spatzenweg 2 48282 Emsdetten www.deltashops.de Daten: Rechtsform: Kommanditgesellschaft, Sitz Emsdetten, Amtsgericht Steinfurt HR A Nr. 3198 Pers\u00f6nlich haftende Gesellschafterin: Stottrop-Textil GmbH, Sitz Emsdetten, Amtsgericht Steinfurt HR B Nr. 3828 Gesch\u00e4ftsf\u00fchrer: Klaus Stottrop, [&hellip;]","og_url":"https:\/\/www.stottrop-textil.de\/impressum\/","og_site_name":"Stottrop-Textil GmbH","article_modified_time":"2016-11-09T13:22:51+00:00","twitter_card":"summary_large_image","schema":{"@context":"https:\/\/schema.org","@graph":[{"@type":"WebPage","@id":"https:\/\/www.stottrop-textil.de\/impressum\/","url":"https:\/\/www.stottrop-textil.de\/impressum\/","name":"\u0625\u062f\u0627\u0631\u0629 \u0627\u0644\u062a\u062d\u0631\u064a\u0631 - Stottrop-Textil GmbH","isPartOf":{"@id":"https:\/\/www.stottrop-textil.de\/#website"},"datePublished":"2016-06-03T13:21:02+00:00","dateModified":"2016-11-09T13:22:51+00:00","breadcrumb":{"@id":"https:\/\/www.stottrop-textil.de\/impressum\/#breadcrumb"},"inLanguage":"ar","potentialAction":[{"@type":"ReadAction","target":["https:\/\/www.stottrop-textil.de\/impressum\/"]}]},{"@type":"BreadcrumbList","@id":"https:\/\/www.stottrop-textil.de\/impressum\/#breadcrumb","itemListElement":[{"@type":"ListItem","position":1,"name":"Home","item":"https:\/\/www.stottrop-textil.de\/ar\/"},{"@type":"ListItem","position":2,"name":"\u0625\u062f\u0627\u0631\u0629 \u0627\u0644\u062a\u062d\u0631\u064a\u0631"}]},{"@type":"WebSite","@id":"https:\/\/www.stottrop-textil.de\/#website","url":"https:\/\/www.stottrop-textil.de\/","name":"Stottrop-Textil GmbH","description":"Ihr Partner f\u00fcr technische Textilien","potentialAction":[{"@type":"SearchAction","target":{"@type":"EntryPoint","urlTemplate":"https:\/\/www.stottrop-textil.de\/?s={search_term_string}"},"query-input":{"@type":"PropertyValueSpecification","valueRequired":true,"valueName":"search_term_string"}}],"inLanguage":"ar"}]}},"_links":{"self":[{"href":"https:\/\/www.stottrop-textil.de\/ar\/wp-json\/wp\/v2\/pages\/715","targetHints":{"allow":["GET"]}}],"collection":[{"href":"https:\/\/www.stottrop-textil.de\/ar\/wp-json\/wp\/v2\/pages"}],"about":[{"href":"https:\/\/www.stottrop-textil.de\/ar\/wp-json\/wp\/v2\/types\/page"}],"author":[{"embeddable":true,"href":"https:\/\/www.stottrop-textil.de\/ar\/wp-json\/wp\/v2\/users\/5"}],"replies":[{"embeddable":true,"href":"https:\/\/www.stottrop-textil.de\/ar\/wp-json\/wp\/v2\/comments?post=715"}],"version-history":[{"count":2,"href":"https:\/\/www.stottrop-textil.de\/ar\/wp-json\/wp\/v2\/pages\/715\/revisions"}],"predecessor-version":[{"id":896,"href":"https:\/\/www.stottrop-textil.de\/ar\/wp-json\/wp\/v2\/pages\/715\/revisions\/896"}],"wp:attachment":[{"href":"https:\/\/www.stottrop-textil.de\/ar\/wp-json\/wp\/v2\/media?parent=715"}],"curies":[{"name":"wp","href":"https:\/\/api.w.org\/{rel}","templated":true}]}}